{"id":555,"date":"2019-03-01T11:45:12","date_gmt":"2019-03-01T11:45:12","guid":{"rendered":"http:\/\/acudimor-cp5019.wordpresstemporal.com\/?page_id=555"},"modified":"2019-06-03T10:59:19","modified_gmt":"2019-06-03T10:59:19","slug":"avis-legal","status":"publish","type":"page","link":"https:\/\/acudim.org\/es\/avis-legal\/","title":{"rendered":"Aviso legal"},"content":{"rendered":"<p>Este portal, cuyo titular es la Asociaci\u00f3n Colectivo Uni\u00f3n de Integraci\u00f3n al Discapacitado, ACUDIM, con CIF G 12420428, domicilio a efecto de notificaciones en la calle Calvario, n\u00ba 118 Baix- 1 \u2013 12540 Vila-real, y tel\u00e9fono 964 532 356.<\/p>\n\n\n\n<h2 class=\"titulo\">PROPIEDAD INTELECTUAL E INDUSTRIAL<\/h2>\n\n\n\n<p>El dise\u00f1o del portal y sus c\u00f3digos fuente, as\u00ed como los logos, marcas y dem\u00e1s signos distintivos que aparecen en el mismo pertenecen a la Asociaci\u00f3n ACUDIM y est\u00e1n protegidos por los correspondientes derechos de propiedad intelectual e industrial.<\/p>\n\n\n\n<h2 class=\"titulo\">RESPONSABILIDAD DE LOS CONTENIDOS<\/h2>\n\n\n\n<p>Asociaci\u00f3n ACUDIM  no se hace responsable de la legalidad de otros sitios web de terceros desde los que pueda accederse al portal. La Asociaci\u00f3n ACUDIM tampoco responde por la legalidad de otros sitios web de terceros, que pudieran estar vinculados o enlazados desde este portal.<br>\nAsociaci\u00f3n ACUDIM  se reserva el derecho a realizar cambios en el sitio web sin previo aviso, al objeto de mantener actualizada su informaci\u00f3n, a\u00f1adiendo, modificando, corrigiendo o eliminando los contenidos publicados o el dise\u00f1o del portal.<br>\nAsociaci\u00f3n ACUDIM  no ser\u00e1 responsable del uso que terceros hagan de la informaci\u00f3n publicada en el portal, ni tampoco de los da\u00f1os sufridos o p\u00e9rdidas econ\u00f3micas que, de forma directa o indirecta, produzcan o puedan producir perjuicios econ\u00f3micos, materiales o sobre datos, provocados por el uso de dicha informaci\u00f3n.<\/p>\n\n\n\n<h2 class=\"titulo\">REPRODUCCI\u00d3N DE CONTENIDOS<\/h2>\n\n\n\n<p>Se proh\u00edbe la reproducci\u00f3n total o parcial de los contenidos publicados en el portal. No obstante, los contenidos que sean considerados como datos abiertos o de car\u00e1cter p\u00fablico, podr\u00e1n ser objeto de reproducci\u00f3n en los t\u00e9rminos contenidos en el siguiente Aviso.<\/p>\n\n\n\n<h2 class=\"titulo\">PORTAL DE TRANSPARENCIA<\/h2>\n\n\n\n<p>A trav\u00e9s de la informaci\u00f3n publicada en el portal de transparencia, la Asociaci\u00f3n ACUDIM atiende de forma peri\u00f3dica y actualizada el principio de publicidad activa establecido por la Ley 19\/2013, de 9 de diciembre, de transparencia, acceso a la informaci\u00f3n p\u00fablica y buen gobierno, con los mecanismos adecuados para facilitar la accesibilidad, la interoperabilidad, la calidad y la reutilizaci\u00f3n de la informaci\u00f3n, as\u00ed como su identificaci\u00f3n y localizaci\u00f3n.<\/p>\n\n\n\n<h2 class=\"titulo\">LEY APLICABLE<\/h2>\n\n\n\n<p><br> La ley aplicable en caso de disputa o conflicto de interpretaci\u00f3n de los t\u00e9rminos que conforman este aviso legal, as\u00ed como cualquier cuesti\u00f3n relacionada con los servicios del presente portal, ser\u00e1 la ley espa\u00f1ola.<\/p>","protected":false},"excerpt":{"rendered":"<p>Aquest portal, el titular del qual \u00e9s l&#8217;Associaci\u00f3 Col\u00b7lectiu Uni\u00f3 d&#8217;Integraci\u00f3 al Discapacitat, ACUDIM, amb CIF G 12420428, domicili a efecte de notificacions al carrer Calvari, n\u00fam. 118 Baix- 1 \u2013 12540 Vila-real, i tel\u00e8fon 964 532 356. PROPIETAT INTEL\u00b7LECTUAL I INDUSTRIAL El disseny del portal i els seus codis font, aix\u00ed com els logos, [&hellip;]<\/p>\n","protected":false},"author":2,"featured_media":0,"parent":0,"menu_order":0,"comment_status":"closed","ping_status":"closed","template":"","meta":{"footnotes":""},"class_list":["post-555","page","type-page","status-publish","hentry"],"yoast_head":"<!-- This site is optimized with the Yoast SEO plugin v27.5 - https:\/\/yoast.com\/product\/yoast-seo-wordpress\/ -->\n<title>Av\u00eds legal - Acudim<\/title>\n<meta name=\"robots\" content=\"index, follow, max-snippet:-1, max-image-preview:large, max-video-preview:-1\" \/>\n<link rel=\"canonical\" href=\"https:\/\/acudim.org\/es\/avis-legal\/\" \/>\n<meta property=\"og:locale\" content=\"es_ES\" \/>\n<meta property=\"og:type\" content=\"article\" \/>\n<meta property=\"og:title\" content=\"Av\u00eds legal - Acudim\" \/>\n<meta property=\"og:description\" content=\"Aquest portal, el titular del qual \u00e9s l&#8217;Associaci\u00f3 Col\u00b7lectiu Uni\u00f3 d&#8217;Integraci\u00f3 al Discapacitat, ACUDIM, amb CIF G 12420428, domicili a efecte de notificacions al carrer Calvari, n\u00fam. 118 Baix- 1 \u2013 12540 Vila-real, i tel\u00e8fon 964 532 356. PROPIETAT INTEL\u00b7LECTUAL I INDUSTRIAL El disseny del portal i els seus codis font, aix\u00ed com els logos, [&hellip;]\" \/>\n<meta property=\"og:url\" content=\"https:\/\/acudim.org\/es\/avis-legal\/\" \/>\n<meta property=\"og:site_name\" content=\"Acudim\" \/>\n<meta property=\"article:modified_time\" content=\"2019-06-03T10:59:19+00:00\" \/>\n<meta name=\"twitter:card\" content=\"summary_large_image\" \/>\n<meta name=\"twitter:label1\" content=\"Tiempo de lectura\" \/>\n\t<meta name=\"twitter:data1\" content=\"2 minutos\" \/>\n<script type=\"application\/ld+json\" class=\"yoast-schema-graph\">{\"@context\":\"https:\\\/\\\/schema.org\",\"@graph\":[{\"@type\":\"WebPage\",\"@id\":\"https:\\\/\\\/acudim.org\\\/avis-legal\\\/\",\"url\":\"https:\\\/\\\/acudim.org\\\/avis-legal\\\/\",\"name\":\"Av\u00eds legal - Acudim\",\"isPartOf\":{\"@id\":\"https:\\\/\\\/acudim.org\\\/es\\\/#website\"},\"datePublished\":\"2019-03-01T11:45:12+00:00\",\"dateModified\":\"2019-06-03T10:59:19+00:00\",\"breadcrumb\":{\"@id\":\"https:\\\/\\\/acudim.org\\\/avis-legal\\\/#breadcrumb\"},\"inLanguage\":\"es\",\"potentialAction\":[{\"@type\":\"ReadAction\",\"target\":[\"https:\\\/\\\/acudim.org\\\/avis-legal\\\/\"]}]},{\"@type\":\"BreadcrumbList\",\"@id\":\"https:\\\/\\\/acudim.org\\\/avis-legal\\\/#breadcrumb\",\"itemListElement\":[{\"@type\":\"ListItem\",\"position\":1,\"name\":\"Portada\",\"item\":\"https:\\\/\\\/acudim.org\\\/es\\\/\"},{\"@type\":\"ListItem\",\"position\":2,\"name\":\"Av\u00eds legal\"}]},{\"@type\":\"WebSite\",\"@id\":\"https:\\\/\\\/acudim.org\\\/es\\\/#website\",\"url\":\"https:\\\/\\\/acudim.org\\\/es\\\/\",\"name\":\"Acudim\",\"description\":\"ASSOCIACI\u00d3 COL\u00b7LECTIU-UNI\u00d3 D\u2019INTEGRACI\u00d3 Al DISCAPACITAT\",\"publisher\":{\"@id\":\"https:\\\/\\\/acudim.org\\\/es\\\/#organization\"},\"potentialAction\":[{\"@type\":\"SearchAction\",\"target\":{\"@type\":\"EntryPoint\",\"urlTemplate\":\"https:\\\/\\\/acudim.org\\\/es\\\/?s={search_term_string}\"},\"query-input\":{\"@type\":\"PropertyValueSpecification\",\"valueRequired\":true,\"valueName\":\"search_term_string\"}}],\"inLanguage\":\"es\"},{\"@type\":\"Organization\",\"@id\":\"https:\\\/\\\/acudim.org\\\/es\\\/#organization\",\"name\":\"Acudim\",\"url\":\"https:\\\/\\\/acudim.org\\\/es\\\/\",\"logo\":{\"@type\":\"ImageObject\",\"inLanguage\":\"es\",\"@id\":\"https:\\\/\\\/acudim.org\\\/es\\\/#\\\/schema\\\/logo\\\/image\\\/\",\"url\":\"https:\\\/\\\/acudim.org\\\/wp-content\\\/uploads\\\/2024\\\/05\\\/Logo-Nuevo-VLC.jpg\",\"contentUrl\":\"https:\\\/\\\/acudim.org\\\/wp-content\\\/uploads\\\/2024\\\/05\\\/Logo-Nuevo-VLC.jpg\",\"width\":642,\"height\":240,\"caption\":\"Acudim\"},\"image\":{\"@id\":\"https:\\\/\\\/acudim.org\\\/es\\\/#\\\/schema\\\/logo\\\/image\\\/\"}}]}<\/script>\n<!-- \/ Yoast SEO plugin. -->","yoast_head_json":{"title":"Av\u00eds legal - Acudim","robots":{"index":"index","follow":"follow","max-snippet":"max-snippet:-1","max-image-preview":"max-image-preview:large","max-video-preview":"max-video-preview:-1"},"canonical":"https:\/\/acudim.org\/es\/avis-legal\/","og_locale":"es_ES","og_type":"article","og_title":"Av\u00eds legal - Acudim","og_description":"Aquest portal, el titular del qual \u00e9s l&#8217;Associaci\u00f3 Col\u00b7lectiu Uni\u00f3 d&#8217;Integraci\u00f3 al Discapacitat, ACUDIM, amb CIF G 12420428, domicili a efecte de notificacions al carrer Calvari, n\u00fam. 118 Baix- 1 \u2013 12540 Vila-real, i tel\u00e8fon 964 532 356. PROPIETAT INTEL\u00b7LECTUAL I INDUSTRIAL El disseny del portal i els seus codis font, aix\u00ed com els logos, [&hellip;]","og_url":"https:\/\/acudim.org\/es\/avis-legal\/","og_site_name":"Acudim","article_modified_time":"2019-06-03T10:59:19+00:00","twitter_card":"summary_large_image","twitter_misc":{"Tiempo de lectura":"2 minutos"},"schema":{"@context":"https:\/\/schema.org","@graph":[{"@type":"WebPage","@id":"https:\/\/acudim.org\/avis-legal\/","url":"https:\/\/acudim.org\/avis-legal\/","name":"Av\u00eds legal - Acudim","isPartOf":{"@id":"https:\/\/acudim.org\/es\/#website"},"datePublished":"2019-03-01T11:45:12+00:00","dateModified":"2019-06-03T10:59:19+00:00","breadcrumb":{"@id":"https:\/\/acudim.org\/avis-legal\/#breadcrumb"},"inLanguage":"es","potentialAction":[{"@type":"ReadAction","target":["https:\/\/acudim.org\/avis-legal\/"]}]},{"@type":"BreadcrumbList","@id":"https:\/\/acudim.org\/avis-legal\/#breadcrumb","itemListElement":[{"@type":"ListItem","position":1,"name":"Portada","item":"https:\/\/acudim.org\/es\/"},{"@type":"ListItem","position":2,"name":"Av\u00eds legal"}]},{"@type":"WebSite","@id":"https:\/\/acudim.org\/es\/#website","url":"https:\/\/acudim.org\/es\/","name":"Acudim","description":"ASSOCIACI\u00d3 COL\u00b7LECTIU-UNI\u00d3 D\u2019INTEGRACI\u00d3 Al DISCAPACITAT","publisher":{"@id":"https:\/\/acudim.org\/es\/#organization"},"potentialAction":[{"@type":"SearchAction","target":{"@type":"EntryPoint","urlTemplate":"https:\/\/acudim.org\/es\/?s={search_term_string}"},"query-input":{"@type":"PropertyValueSpecification","valueRequired":true,"valueName":"search_term_string"}}],"inLanguage":"es"},{"@type":"Organization","@id":"https:\/\/acudim.org\/es\/#organization","name":"Acudim","url":"https:\/\/acudim.org\/es\/","logo":{"@type":"ImageObject","inLanguage":"es","@id":"https:\/\/acudim.org\/es\/#\/schema\/logo\/image\/","url":"https:\/\/acudim.org\/wp-content\/uploads\/2024\/05\/Logo-Nuevo-VLC.jpg","contentUrl":"https:\/\/acudim.org\/wp-content\/uploads\/2024\/05\/Logo-Nuevo-VLC.jpg","width":642,"height":240,"caption":"Acudim"},"image":{"@id":"https:\/\/acudim.org\/es\/#\/schema\/logo\/image\/"}}]}},"_links":{"self":[{"href":"https:\/\/acudim.org\/es\/wp-json\/wp\/v2\/pages\/555","targetHints":{"allow":["GET"]}}],"collection":[{"href":"https:\/\/acudim.org\/es\/wp-json\/wp\/v2\/pages"}],"about":[{"href":"https:\/\/acudim.org\/es\/wp-json\/wp\/v2\/types\/page"}],"author":[{"embeddable":true,"href":"https:\/\/acudim.org\/es\/wp-json\/wp\/v2\/users\/2"}],"replies":[{"embeddable":true,"href":"https:\/\/acudim.org\/es\/wp-json\/wp\/v2\/comments?post=555"}],"version-history":[{"count":3,"href":"https:\/\/acudim.org\/es\/wp-json\/wp\/v2\/pages\/555\/revisions"}],"predecessor-version":[{"id":993,"href":"https:\/\/acudim.org\/es\/wp-json\/wp\/v2\/pages\/555\/revisions\/993"}],"wp:attachment":[{"href":"https:\/\/acudim.org\/es\/wp-json\/wp\/v2\/media?parent=555"}],"curies":[{"name":"wp","href":"https:\/\/api.w.org\/{rel}","templated":true}]}}