{"id":148,"date":"2019-02-18T08:56:06","date_gmt":"2019-02-18T08:56:06","guid":{"rendered":"http:\/\/acudimor-cp5019.wordpresstemporal.com\/?page_id=148"},"modified":"2020-03-11T11:33:23","modified_gmt":"2020-03-11T11:33:23","slug":"reivindicacions","status":"publish","type":"page","link":"https:\/\/acudim.org\/es\/reivindicacions\/","title":{"rendered":"Reivindicaciones"},"content":{"rendered":"<h2 class=\"titulo\">REIVINDICACIONES<\/h2>\n\n\n\n<p>A lo largo del a\u00f1o, ACUDIM acude a un buen n\u00famero de actos reivindicativos y de informaci\u00f3n y tambi\u00e9n realiza sus propias reivindicaciones. Los actos reivindicativos y\/o informativos m\u00e1s excelentes son:<\/p>\n\n\n\n<ul class=\"wp-block-list\"><li>Semana de la salud de Vila-real, donde acude con un estand informativo propio.<\/li><li>Semana de la mujer y mujer con discapacidad.<\/li><li>Jornadas sobre voluntariado.<\/li><li>D\u00eda del libro.<\/li><li>Mesas redondas con la tem\u00e1tica de la discapacidad, organizadas tanto por entidades oficiales como privadas, Universidades, Hospitales, etc.<\/li><li>Maratones reivindicativos.<\/li><li>Manifestaciones reivindicativas (Ley de Dependencia, Adaptaci\u00f3n de estaciones de tren, etc.)<\/li><li>Mesas informativas en la calle.<\/li><li>Jornada de Puertas abiertas en la sede de ACUDIM.<\/li><\/ul>\n\n\n\n<div class=\"wp-block-image\"><figure class=\"aligncenter size-large\"><img fetchpriority=\"high\" decoding=\"async\" width=\"1024\" height=\"635\" src=\"https:\/\/acudim.org\/wp-content\/uploads\/2020\/03\/IMG-20190514-WA0038-webb-1024x635.jpeg\" alt=\"\" class=\"wp-image-1487\" srcset=\"https:\/\/acudim.org\/wp-content\/uploads\/2020\/03\/IMG-20190514-WA0038-webb-1024x635.jpeg 1024w, https:\/\/acudim.org\/wp-content\/uploads\/2020\/03\/IMG-20190514-WA0038-webb-300x186.jpeg 300w, https:\/\/acudim.org\/wp-content\/uploads\/2020\/03\/IMG-20190514-WA0038-webb-768x476.jpeg 768w, https:\/\/acudim.org\/wp-content\/uploads\/2020\/03\/IMG-20190514-WA0038-webb-1536x953.jpeg 1536w, https:\/\/acudim.org\/wp-content\/uploads\/2020\/03\/IMG-20190514-WA0038-webb.jpeg 2048w\" sizes=\"(max-width: 1024px) 100vw, 1024px\" \/><\/figure><\/div>\n\n\n\n<div style=\"height:100px\" aria-hidden=\"true\" class=\"wp-block-spacer\"><\/div>\n\n\n\n<p>Estas son algunas de las reivindicaciones que hemos llevado a cabo<\/p>\n\n\n\n<ul>\n<li><a href=\"https:\/\/www.elperiodicomediterraneo.com\/noticias\/vilareal\/vila-real-apoya-acudim-reclama-paso-subterraneo-estacion_1237226.html\" target=\"_blank\" rel=\"noopener noreferrer\">Vila-real apoya a Acudim y reclama un paso subterr\u00e1neo en la estaci\u00f3n<\/a><\/li>\n\n\n\n<li>\n<a href=\"https:\/\/www.elperiodicomediterraneo.com\/noticias\/vilareal\/usuarios-silla-ruedas-critican-problemas-acceso-trenes_1236716.html\" target=\"_blank\" rel=\"noopener noreferrer\">Usuarios en silla de ruedas critican problemas de acceso en los trenes<\/a><\/li><\/ul>","protected":false},"excerpt":{"rendered":"<p>REIVINDICACIONS Al llarg de l&#8217;any, ACUDIM acudeix a un bon nombre d&#8217;actes reivindicatius i d&#8217;informaci\u00f3 i tamb\u00e9 realitza les seues pr\u00f2pies reivindicacions. Els actes reivindicatius i\/o informatius m\u00e9s excel\u00b7lents s\u00f3n: Setmana de la salut de Vila-real, on acudeix amb un estand informatiu propi. Setmana de la dona i dona amb discapacitat. Jornades sobre voluntariat. Dia [&hellip;]<\/p>\n","protected":false},"author":2,"featured_media":0,"parent":0,"menu_order":0,"comment_status":"closed","ping_status":"closed","template":"","meta":{"footnotes":""},"class_list":["post-148","page","type-page","status-publish","hentry"],"yoast_head":"<!-- This site is optimized with the Yoast SEO plugin v27.6 - https:\/\/yoast.com\/product\/yoast-seo-wordpress\/ -->\n<title>Reivindicacions - Acudim<\/title>\n<meta name=\"robots\" content=\"index, follow, max-snippet:-1, max-image-preview:large, max-video-preview:-1\" \/>\n<link rel=\"canonical\" href=\"https:\/\/acudim.org\/es\/reivindicacions\/\" \/>\n<meta property=\"og:locale\" content=\"es_ES\" \/>\n<meta property=\"og:type\" content=\"article\" \/>\n<meta property=\"og:title\" content=\"Reivindicacions - Acudim\" \/>\n<meta property=\"og:description\" content=\"REIVINDICACIONS Al llarg de l&#8217;any, ACUDIM acudeix a un bon nombre d&#8217;actes reivindicatius i d&#8217;informaci\u00f3 i tamb\u00e9 realitza les seues pr\u00f2pies reivindicacions. Els actes reivindicatius i\/o informatius m\u00e9s excel\u00b7lents s\u00f3n: Setmana de la salut de Vila-real, on acudeix amb un estand informatiu propi. Setmana de la dona i dona amb discapacitat. Jornades sobre voluntariat. Dia [&hellip;]\" \/>\n<meta property=\"og:url\" content=\"https:\/\/acudim.org\/es\/reivindicacions\/\" \/>\n<meta property=\"og:site_name\" content=\"Acudim\" \/>\n<meta property=\"article:modified_time\" content=\"2020-03-11T11:33:23+00:00\" \/>\n<meta property=\"og:image\" content=\"https:\/\/acudim.org\/wp-content\/uploads\/2020\/03\/IMG-20190514-WA0038-webb.jpeg\" \/>\n\t<meta property=\"og:image:width\" content=\"2048\" \/>\n\t<meta property=\"og:image:height\" content=\"1270\" \/>\n\t<meta property=\"og:image:type\" content=\"image\/jpeg\" \/>\n<meta name=\"twitter:card\" content=\"summary_large_image\" \/>\n<meta name=\"twitter:label1\" content=\"Tiempo de lectura\" \/>\n\t<meta name=\"twitter:data1\" content=\"1 minuto\" \/>\n<script type=\"application\/ld+json\" class=\"yoast-schema-graph\">{\"@context\":\"https:\\\/\\\/schema.org\",\"@graph\":[{\"@type\":\"WebPage\",\"@id\":\"https:\\\/\\\/acudim.org\\\/reivindicacions\\\/\",\"url\":\"https:\\\/\\\/acudim.org\\\/reivindicacions\\\/\",\"name\":\"Reivindicacions - Acudim\",\"isPartOf\":{\"@id\":\"https:\\\/\\\/acudim.org\\\/es\\\/#website\"},\"primaryImageOfPage\":{\"@id\":\"https:\\\/\\\/acudim.org\\\/reivindicacions\\\/#primaryimage\"},\"image\":{\"@id\":\"https:\\\/\\\/acudim.org\\\/reivindicacions\\\/#primaryimage\"},\"thumbnailUrl\":\"https:\\\/\\\/acudim.org\\\/wp-content\\\/uploads\\\/2020\\\/03\\\/IMG-20190514-WA0038-webb-1024x635.jpeg\",\"datePublished\":\"2019-02-18T08:56:06+00:00\",\"dateModified\":\"2020-03-11T11:33:23+00:00\",\"breadcrumb\":{\"@id\":\"https:\\\/\\\/acudim.org\\\/reivindicacions\\\/#breadcrumb\"},\"inLanguage\":\"es\",\"potentialAction\":[{\"@type\":\"ReadAction\",\"target\":[\"https:\\\/\\\/acudim.org\\\/reivindicacions\\\/\"]}]},{\"@type\":\"ImageObject\",\"inLanguage\":\"es\",\"@id\":\"https:\\\/\\\/acudim.org\\\/reivindicacions\\\/#primaryimage\",\"url\":\"https:\\\/\\\/acudim.org\\\/wp-content\\\/uploads\\\/2020\\\/03\\\/IMG-20190514-WA0038-webb-1024x635.jpeg\",\"contentUrl\":\"https:\\\/\\\/acudim.org\\\/wp-content\\\/uploads\\\/2020\\\/03\\\/IMG-20190514-WA0038-webb-1024x635.jpeg\"},{\"@type\":\"BreadcrumbList\",\"@id\":\"https:\\\/\\\/acudim.org\\\/reivindicacions\\\/#breadcrumb\",\"itemListElement\":[{\"@type\":\"ListItem\",\"position\":1,\"name\":\"Portada\",\"item\":\"https:\\\/\\\/acudim.org\\\/es\\\/\"},{\"@type\":\"ListItem\",\"position\":2,\"name\":\"Reivindicacions\"}]},{\"@type\":\"WebSite\",\"@id\":\"https:\\\/\\\/acudim.org\\\/es\\\/#website\",\"url\":\"https:\\\/\\\/acudim.org\\\/es\\\/\",\"name\":\"Acudim\",\"description\":\"ASSOCIACI\u00d3 COL\u00b7LECTIU-UNI\u00d3 D\u2019INTEGRACI\u00d3 Al DISCAPACITAT\",\"publisher\":{\"@id\":\"https:\\\/\\\/acudim.org\\\/es\\\/#organization\"},\"potentialAction\":[{\"@type\":\"SearchAction\",\"target\":{\"@type\":\"EntryPoint\",\"urlTemplate\":\"https:\\\/\\\/acudim.org\\\/es\\\/?s={search_term_string}\"},\"query-input\":{\"@type\":\"PropertyValueSpecification\",\"valueRequired\":true,\"valueName\":\"search_term_string\"}}],\"inLanguage\":\"es\"},{\"@type\":\"Organization\",\"@id\":\"https:\\\/\\\/acudim.org\\\/es\\\/#organization\",\"name\":\"Acudim\",\"url\":\"https:\\\/\\\/acudim.org\\\/es\\\/\",\"logo\":{\"@type\":\"ImageObject\",\"inLanguage\":\"es\",\"@id\":\"https:\\\/\\\/acudim.org\\\/es\\\/#\\\/schema\\\/logo\\\/image\\\/\",\"url\":\"https:\\\/\\\/acudim.org\\\/wp-content\\\/uploads\\\/2024\\\/05\\\/Logo-Nuevo-VLC.jpg\",\"contentUrl\":\"https:\\\/\\\/acudim.org\\\/wp-content\\\/uploads\\\/2024\\\/05\\\/Logo-Nuevo-VLC.jpg\",\"width\":642,\"height\":240,\"caption\":\"Acudim\"},\"image\":{\"@id\":\"https:\\\/\\\/acudim.org\\\/es\\\/#\\\/schema\\\/logo\\\/image\\\/\"}}]}<\/script>\n<!-- \/ Yoast SEO plugin. -->","yoast_head_json":{"title":"Reivindicacions - Acudim","robots":{"index":"index","follow":"follow","max-snippet":"max-snippet:-1","max-image-preview":"max-image-preview:large","max-video-preview":"max-video-preview:-1"},"canonical":"https:\/\/acudim.org\/es\/reivindicacions\/","og_locale":"es_ES","og_type":"article","og_title":"Reivindicacions - Acudim","og_description":"REIVINDICACIONS Al llarg de l&#8217;any, ACUDIM acudeix a un bon nombre d&#8217;actes reivindicatius i d&#8217;informaci\u00f3 i tamb\u00e9 realitza les seues pr\u00f2pies reivindicacions. Els actes reivindicatius i\/o informatius m\u00e9s excel\u00b7lents s\u00f3n: Setmana de la salut de Vila-real, on acudeix amb un estand informatiu propi. Setmana de la dona i dona amb discapacitat. Jornades sobre voluntariat. Dia [&hellip;]","og_url":"https:\/\/acudim.org\/es\/reivindicacions\/","og_site_name":"Acudim","article_modified_time":"2020-03-11T11:33:23+00:00","og_image":[{"width":2048,"height":1270,"url":"https:\/\/acudim.org\/wp-content\/uploads\/2020\/03\/IMG-20190514-WA0038-webb.jpeg","type":"image\/jpeg"}],"twitter_card":"summary_large_image","twitter_misc":{"Tiempo de lectura":"1 minuto"},"schema":{"@context":"https:\/\/schema.org","@graph":[{"@type":"WebPage","@id":"https:\/\/acudim.org\/reivindicacions\/","url":"https:\/\/acudim.org\/reivindicacions\/","name":"Reivindicacions - Acudim","isPartOf":{"@id":"https:\/\/acudim.org\/es\/#website"},"primaryImageOfPage":{"@id":"https:\/\/acudim.org\/reivindicacions\/#primaryimage"},"image":{"@id":"https:\/\/acudim.org\/reivindicacions\/#primaryimage"},"thumbnailUrl":"https:\/\/acudim.org\/wp-content\/uploads\/2020\/03\/IMG-20190514-WA0038-webb-1024x635.jpeg","datePublished":"2019-02-18T08:56:06+00:00","dateModified":"2020-03-11T11:33:23+00:00","breadcrumb":{"@id":"https:\/\/acudim.org\/reivindicacions\/#breadcrumb"},"inLanguage":"es","potentialAction":[{"@type":"ReadAction","target":["https:\/\/acudim.org\/reivindicacions\/"]}]},{"@type":"ImageObject","inLanguage":"es","@id":"https:\/\/acudim.org\/reivindicacions\/#primaryimage","url":"https:\/\/acudim.org\/wp-content\/uploads\/2020\/03\/IMG-20190514-WA0038-webb-1024x635.jpeg","contentUrl":"https:\/\/acudim.org\/wp-content\/uploads\/2020\/03\/IMG-20190514-WA0038-webb-1024x635.jpeg"},{"@type":"BreadcrumbList","@id":"https:\/\/acudim.org\/reivindicacions\/#breadcrumb","itemListElement":[{"@type":"ListItem","position":1,"name":"Portada","item":"https:\/\/acudim.org\/es\/"},{"@type":"ListItem","position":2,"name":"Reivindicacions"}]},{"@type":"WebSite","@id":"https:\/\/acudim.org\/es\/#website","url":"https:\/\/acudim.org\/es\/","name":"Acudim","description":"ASSOCIACI\u00d3 COL\u00b7LECTIU-UNI\u00d3 D\u2019INTEGRACI\u00d3 Al DISCAPACITAT","publisher":{"@id":"https:\/\/acudim.org\/es\/#organization"},"potentialAction":[{"@type":"SearchAction","target":{"@type":"EntryPoint","urlTemplate":"https:\/\/acudim.org\/es\/?s={search_term_string}"},"query-input":{"@type":"PropertyValueSpecification","valueRequired":true,"valueName":"search_term_string"}}],"inLanguage":"es"},{"@type":"Organization","@id":"https:\/\/acudim.org\/es\/#organization","name":"Acudim","url":"https:\/\/acudim.org\/es\/","logo":{"@type":"ImageObject","inLanguage":"es","@id":"https:\/\/acudim.org\/es\/#\/schema\/logo\/image\/","url":"https:\/\/acudim.org\/wp-content\/uploads\/2024\/05\/Logo-Nuevo-VLC.jpg","contentUrl":"https:\/\/acudim.org\/wp-content\/uploads\/2024\/05\/Logo-Nuevo-VLC.jpg","width":642,"height":240,"caption":"Acudim"},"image":{"@id":"https:\/\/acudim.org\/es\/#\/schema\/logo\/image\/"}}]}},"_links":{"self":[{"href":"https:\/\/acudim.org\/es\/wp-json\/wp\/v2\/pages\/148","targetHints":{"allow":["GET"]}}],"collection":[{"href":"https:\/\/acudim.org\/es\/wp-json\/wp\/v2\/pages"}],"about":[{"href":"https:\/\/acudim.org\/es\/wp-json\/wp\/v2\/types\/page"}],"author":[{"embeddable":true,"href":"https:\/\/acudim.org\/es\/wp-json\/wp\/v2\/users\/2"}],"replies":[{"embeddable":true,"href":"https:\/\/acudim.org\/es\/wp-json\/wp\/v2\/comments?post=148"}],"version-history":[{"count":3,"href":"https:\/\/acudim.org\/es\/wp-json\/wp\/v2\/pages\/148\/revisions"}],"predecessor-version":[{"id":1488,"href":"https:\/\/acudim.org\/es\/wp-json\/wp\/v2\/pages\/148\/revisions\/1488"}],"wp:attachment":[{"href":"https:\/\/acudim.org\/es\/wp-json\/wp\/v2\/media?parent=148"}],"curies":[{"name":"wp","href":"https:\/\/api.w.org\/{rel}","templated":true}]}}