{"id":137,"date":"2019-02-18T08:51:23","date_gmt":"2019-02-18T08:51:23","guid":{"rendered":"http:\/\/acudimor-cp5019.wordpresstemporal.com\/?page_id=137"},"modified":"2021-11-25T10:37:43","modified_gmt":"2021-11-25T10:37:43","slug":"prestec","status":"publish","type":"page","link":"https:\/\/acudim.org\/es\/prestec\/","title":{"rendered":"Pr\u00e9stamo"},"content":{"rendered":"<div data-elementor-type=\"wp-page\" data-elementor-id=\"137\" class=\"elementor elementor-137\" data-elementor-post-type=\"page\">\n\t\t\t\t\t\t<section class=\"elementor-section elementor-top-section elementor-element elementor-element-29c8e045 elementor-section-boxed elementor-section-height-default elementor-section-height-default\" data-id=\"29c8e045\" data-element_type=\"section\" data-e-type=\"section\">\n\t\t\t\t\t\t<div class=\"elementor-container elementor-column-gap-default\">\n\t\t\t\t\t<div class=\"elementor-column elementor-col-100 elementor-top-column elementor-element elementor-element-4036a15e\" data-id=\"4036a15e\" data-element_type=\"column\" data-e-type=\"column\">\n\t\t\t<div class=\"elementor-widget-wrap elementor-element-populated\">\n\t\t\t\t\t\t<div class=\"elementor-element elementor-element-2246b0d4 elementor-widget elementor-widget-text-editor\" data-id=\"2246b0d4\" data-element_type=\"widget\" data-e-type=\"widget\" data-widget_type=\"text-editor.default\">\n\t\t\t\t\t\t\t\t\t\n<h2 class=\"titulo\">SERVICIO DE PR\u00c9STAMO DE MATERIALES ORTOP\u00c9DICOS (SILLAS, MULETAS, ANDADORES\u2026)<\/h2>\n\n\n\n<p><br>\nEl Servicio de Recogida, Mantenimiento, Reparaci\u00f3n, y Pr\u00e9stamo de Material Ortop\u00e9dico, se realiza en la sede de la Asociaci\u00f3n para toda aquella persona que necesita en un momento determinado un pr\u00e9stamo de material adecuado para las necesidades de esa persona as\u00ed como se muestra el correcto uso del material para evitar posibles lesiones o accidentes. <br>\nContamos junto con nuestros voluntarios, socios, con la colaboraci\u00f3n de las personas que cumplen penas en el Servicio de Penas y Medidas Alternativas, de Castellon, organismo con el cual colaboramos activamente desde hace varios a\u00f1os.\n<br>\nSe ha continua con el servicio en el Cementerio de Vila-real de sillas de ruedas para el gran n\u00famero de personas que acuden, as\u00ed se han dispuesto dos sillas de forma permanente para el uso de todos aquellos visitantes con dificultad de movilidad que lo precisen; y adem\u00e1s se realiza un servicio especial para el d\u00eda 1 de Noviembre, con mayor n\u00famero de sillas a disposici\u00f3n y voluntarios de ACUDIM para impulsarlas y acompa\u00f1ar, ya que en estos d\u00edas las visitas al Cementerio se multiplicaron. <br>\n<br>\n<\/p>\n\n\n\n<div class=\"wp-block-image\"><figure class=\"aligncenter\"><img fetchpriority=\"high\" decoding=\"async\" width=\"640\" height=\"480\" src=\"https:\/\/acudim.org\/wp-content\/uploads\/2019\/05\/1448541432img1415204079.jpg\" alt=\"\" class=\"wp-image-866\" srcset=\"https:\/\/acudim.org\/wp-content\/uploads\/2019\/05\/1448541432img1415204079.jpg 640w, https:\/\/acudim.org\/wp-content\/uploads\/2019\/05\/1448541432img1415204079-300x225.jpg 300w\" sizes=\"(max-width: 640px) 100vw, 640px\" \/><\/figure><\/div>\n\n\n\n<p>La ra\u00f3 principal de la seva exist\u00e8ncia \u00e9s perqu\u00e8 es tracta d&#8217;un recurs i servei de gran necessitat percebuda i real, que no existeix ni es preveu la seva implantaci\u00f3 des de cap estructura p\u00fablica ni privada en l&#8217;\u00e0mbit de Vila-real i les localitats pr\u00f2ximes de la Prov\u00edncia de Castell\u00f3.<br> Ens deriven persones des d&#8217;Hospitals de la comarca, Serveis Socials Municipals, Col\u00b7legis, i un llarg etc. fent patent la necessitat d&#8217;aquest servei que presta l&#8217;Associaci\u00f3 ACUDIM<\/p>\n\n\n\n<p><\/p>\n\n\n\n<p><\/p>\n\n\n\n<p><\/p>\n\t\t\t\t\t\t\t\t<\/div>\n\t\t\t\t\t<\/div>\n\t\t<\/div>\n\t\t\t\t\t<\/div>\n\t\t<\/section>\n\t\t\t\t<section class=\"elementor-section elementor-top-section elementor-element elementor-element-ee2375d elementor-section-boxed elementor-section-height-default elementor-section-height-default\" data-id=\"ee2375d\" data-element_type=\"section\" data-e-type=\"section\">\n\t\t\t\t\t\t<div class=\"elementor-container elementor-column-gap-default\">\n\t\t\t\t\t<div class=\"elementor-column elementor-col-100 elementor-top-column elementor-element elementor-element-cb6480a\" data-id=\"cb6480a\" data-element_type=\"column\" data-e-type=\"column\">\n\t\t\t<div class=\"elementor-widget-wrap elementor-element-populated\">\n\t\t\t\t\t\t<div data-dce-background-color=\"#0E631A\" class=\"elementor-element elementor-element-cbc98bd elementor-align-center elementor-widget elementor-widget-button\" data-id=\"cbc98bd\" data-element_type=\"widget\" data-e-type=\"widget\" data-widget_type=\"button.default\">\n\t\t\t\t\t\t\t\t\t\t<a class=\"elementor-button elementor-button-link elementor-size-lg\" href=\"https:\/\/acudim.org\/wp-content\/uploads\/2021\/11\/VLC-ORTOPROT..pdf\" target=\"_blank\">\n\t\t\t\t\t\t<span class=\"elementor-button-content-wrapper\">\n\t\t\t\t\t\t<span class=\"elementor-button-icon\">\n\t\t\t\t<svg aria-hidden=\"true\" class=\"e-font-icon-svg e-fas-cloud-download-alt\" viewbox=\"0 0 640 512\" xmlns=\"http:\/\/www.w3.org\/2000\/svg\"><path d=\"M537.6 226.6c4.1-10.7 6.4-22.4 6.4-34.6 0-53-43-96-96-96-19.7 0-38.1 6-53.3 16.2C367 64.2 315.3 32 256 32c-88.4 0-160 71.6-160 160 0 2.7.1 5.4.2 8.1C40.2 219.8 0 273.2 0 336c0 79.5 64.5 144 144 144h368c70.7 0 128-57.3 128-128 0-61.9-44-113.6-102.4-125.4zm-132.9 88.7L299.3 420.7c-6.2 6.2-16.4 6.2-22.6 0L171.3 315.3c-10.1-10.1-2.9-27.3 11.3-27.3H248V176c0-8.8 7.2-16 16-16h48c8.8 0 16 7.2 16 16v112h65.4c14.2 0 21.4 17.2 11.3 27.3z\"><\/path><\/svg>\t\t\t<\/span>\n\t\t\t\t\t\t\t\t\t<span class=\"elementor-button-text\">Desc\u00e0rrega fullet informatiu<\/span>\n\t\t\t\t\t<\/span>\n\t\t\t\t\t<\/a>\n\t\t\t\t\t\t\t\t<\/div>\n\t\t\t\t\t<\/div>\n\t\t<\/div>\n\t\t\t\t\t<\/div>\n\t\t<\/section>\n\t\t\t\t<\/div>","protected":false},"excerpt":{"rendered":"<p>SERVEI DE PR\u00c9STEC DE MATERIALS ORTOP\u00c8DICS (CADIRES, CROSSES, CAMINADORS\u2026) El Servei de Recollida, Manteniment, Reparaci\u00f3, i Pr\u00e9stec de Material Ortop\u00e8dic, es realitza en la seu de l&#8217;Associaci\u00f3 per a tota aquella persona que necessita en un moment determinat un pr\u00e9stec de material adequat per a les necessitats d&#8217;aquesta persona aix\u00ed com es mostra el correcte [&hellip;]<\/p>\n","protected":false},"author":2,"featured_media":0,"parent":0,"menu_order":0,"comment_status":"closed","ping_status":"closed","template":"","meta":{"footnotes":""},"class_list":["post-137","page","type-page","status-publish","hentry"],"yoast_head":"<!-- This site is optimized with the Yoast SEO plugin v27.5 - https:\/\/yoast.com\/product\/yoast-seo-wordpress\/ -->\n<title>Pr\u00e9stec - Acudim<\/title>\n<meta name=\"robots\" content=\"index, follow, max-snippet:-1, max-image-preview:large, max-video-preview:-1\" \/>\n<link rel=\"canonical\" href=\"https:\/\/acudim.org\/es\/prestec\/\" \/>\n<meta property=\"og:locale\" content=\"es_ES\" \/>\n<meta property=\"og:type\" content=\"article\" \/>\n<meta property=\"og:title\" content=\"Pr\u00e9stec - Acudim\" \/>\n<meta property=\"og:description\" content=\"SERVEI DE PR\u00c9STEC DE MATERIALS ORTOP\u00c8DICS (CADIRES, CROSSES, CAMINADORS\u2026) El Servei de Recollida, Manteniment, Reparaci\u00f3, i Pr\u00e9stec de Material Ortop\u00e8dic, es realitza en la seu de l&#8217;Associaci\u00f3 per a tota aquella persona que necessita en un moment determinat un pr\u00e9stec de material adequat per a les necessitats d&#8217;aquesta persona aix\u00ed com es mostra el correcte [&hellip;]\" \/>\n<meta property=\"og:url\" content=\"https:\/\/acudim.org\/es\/prestec\/\" \/>\n<meta property=\"og:site_name\" content=\"Acudim\" \/>\n<meta property=\"article:modified_time\" content=\"2021-11-25T10:37:43+00:00\" \/>\n<meta property=\"og:image\" content=\"https:\/\/acudim.org\/wp-content\/uploads\/2019\/05\/1448541432img1415204079.jpg\" \/>\n<meta name=\"twitter:card\" content=\"summary_large_image\" \/>\n<meta name=\"twitter:label1\" content=\"Tiempo de lectura\" \/>\n\t<meta name=\"twitter:data1\" content=\"1 minuto\" \/>\n<script type=\"application\/ld+json\" class=\"yoast-schema-graph\">{\"@context\":\"https:\\\/\\\/schema.org\",\"@graph\":[{\"@type\":\"WebPage\",\"@id\":\"https:\\\/\\\/acudim.org\\\/es\\\/prestec\\\/\",\"url\":\"https:\\\/\\\/acudim.org\\\/es\\\/prestec\\\/\",\"name\":\"Pr\u00e9stec - Acudim\",\"isPartOf\":{\"@id\":\"https:\\\/\\\/acudim.org\\\/es\\\/#website\"},\"primaryImageOfPage\":{\"@id\":\"https:\\\/\\\/acudim.org\\\/es\\\/prestec\\\/#primaryimage\"},\"image\":{\"@id\":\"https:\\\/\\\/acudim.org\\\/es\\\/prestec\\\/#primaryimage\"},\"thumbnailUrl\":\"https:\\\/\\\/acudim.org\\\/wp-content\\\/uploads\\\/2019\\\/05\\\/1448541432img1415204079.jpg\",\"datePublished\":\"2019-02-18T08:51:23+00:00\",\"dateModified\":\"2021-11-25T10:37:43+00:00\",\"breadcrumb\":{\"@id\":\"https:\\\/\\\/acudim.org\\\/es\\\/prestec\\\/#breadcrumb\"},\"inLanguage\":\"es\",\"potentialAction\":[{\"@type\":\"ReadAction\",\"target\":[\"https:\\\/\\\/acudim.org\\\/es\\\/prestec\\\/\"]}]},{\"@type\":\"ImageObject\",\"inLanguage\":\"es\",\"@id\":\"https:\\\/\\\/acudim.org\\\/es\\\/prestec\\\/#primaryimage\",\"url\":\"https:\\\/\\\/acudim.org\\\/wp-content\\\/uploads\\\/2019\\\/05\\\/1448541432img1415204079.jpg\",\"contentUrl\":\"https:\\\/\\\/acudim.org\\\/wp-content\\\/uploads\\\/2019\\\/05\\\/1448541432img1415204079.jpg\"},{\"@type\":\"BreadcrumbList\",\"@id\":\"https:\\\/\\\/acudim.org\\\/es\\\/prestec\\\/#breadcrumb\",\"itemListElement\":[{\"@type\":\"ListItem\",\"position\":1,\"name\":\"Portada\",\"item\":\"https:\\\/\\\/acudim.org\\\/es\\\/\"},{\"@type\":\"ListItem\",\"position\":2,\"name\":\"Pr\u00e9stec\"}]},{\"@type\":\"WebSite\",\"@id\":\"https:\\\/\\\/acudim.org\\\/es\\\/#website\",\"url\":\"https:\\\/\\\/acudim.org\\\/es\\\/\",\"name\":\"Acudim\",\"description\":\"ASSOCIACI\u00d3 COL\u00b7LECTIU-UNI\u00d3 D\u2019INTEGRACI\u00d3 Al DISCAPACITAT\",\"publisher\":{\"@id\":\"https:\\\/\\\/acudim.org\\\/es\\\/#organization\"},\"potentialAction\":[{\"@type\":\"SearchAction\",\"target\":{\"@type\":\"EntryPoint\",\"urlTemplate\":\"https:\\\/\\\/acudim.org\\\/es\\\/?s={search_term_string}\"},\"query-input\":{\"@type\":\"PropertyValueSpecification\",\"valueRequired\":true,\"valueName\":\"search_term_string\"}}],\"inLanguage\":\"es\"},{\"@type\":\"Organization\",\"@id\":\"https:\\\/\\\/acudim.org\\\/es\\\/#organization\",\"name\":\"Acudim\",\"url\":\"https:\\\/\\\/acudim.org\\\/es\\\/\",\"logo\":{\"@type\":\"ImageObject\",\"inLanguage\":\"es\",\"@id\":\"https:\\\/\\\/acudim.org\\\/es\\\/#\\\/schema\\\/logo\\\/image\\\/\",\"url\":\"https:\\\/\\\/acudim.org\\\/wp-content\\\/uploads\\\/2024\\\/05\\\/Logo-Nuevo-VLC.jpg\",\"contentUrl\":\"https:\\\/\\\/acudim.org\\\/wp-content\\\/uploads\\\/2024\\\/05\\\/Logo-Nuevo-VLC.jpg\",\"width\":642,\"height\":240,\"caption\":\"Acudim\"},\"image\":{\"@id\":\"https:\\\/\\\/acudim.org\\\/es\\\/#\\\/schema\\\/logo\\\/image\\\/\"}}]}<\/script>\n<!-- \/ Yoast SEO plugin. -->","yoast_head_json":{"title":"Pr\u00e9stec - Acudim","robots":{"index":"index","follow":"follow","max-snippet":"max-snippet:-1","max-image-preview":"max-image-preview:large","max-video-preview":"max-video-preview:-1"},"canonical":"https:\/\/acudim.org\/es\/prestec\/","og_locale":"es_ES","og_type":"article","og_title":"Pr\u00e9stec - Acudim","og_description":"SERVEI DE PR\u00c9STEC DE MATERIALS ORTOP\u00c8DICS (CADIRES, CROSSES, CAMINADORS\u2026) El Servei de Recollida, Manteniment, Reparaci\u00f3, i Pr\u00e9stec de Material Ortop\u00e8dic, es realitza en la seu de l&#8217;Associaci\u00f3 per a tota aquella persona que necessita en un moment determinat un pr\u00e9stec de material adequat per a les necessitats d&#8217;aquesta persona aix\u00ed com es mostra el correcte [&hellip;]","og_url":"https:\/\/acudim.org\/es\/prestec\/","og_site_name":"Acudim","article_modified_time":"2021-11-25T10:37:43+00:00","og_image":[{"url":"https:\/\/acudim.org\/wp-content\/uploads\/2019\/05\/1448541432img1415204079.jpg","type":"","width":"","height":""}],"twitter_card":"summary_large_image","twitter_misc":{"Tiempo de lectura":"1 minuto"},"schema":{"@context":"https:\/\/schema.org","@graph":[{"@type":"WebPage","@id":"https:\/\/acudim.org\/es\/prestec\/","url":"https:\/\/acudim.org\/es\/prestec\/","name":"Pr\u00e9stec - Acudim","isPartOf":{"@id":"https:\/\/acudim.org\/es\/#website"},"primaryImageOfPage":{"@id":"https:\/\/acudim.org\/es\/prestec\/#primaryimage"},"image":{"@id":"https:\/\/acudim.org\/es\/prestec\/#primaryimage"},"thumbnailUrl":"https:\/\/acudim.org\/wp-content\/uploads\/2019\/05\/1448541432img1415204079.jpg","datePublished":"2019-02-18T08:51:23+00:00","dateModified":"2021-11-25T10:37:43+00:00","breadcrumb":{"@id":"https:\/\/acudim.org\/es\/prestec\/#breadcrumb"},"inLanguage":"es","potentialAction":[{"@type":"ReadAction","target":["https:\/\/acudim.org\/es\/prestec\/"]}]},{"@type":"ImageObject","inLanguage":"es","@id":"https:\/\/acudim.org\/es\/prestec\/#primaryimage","url":"https:\/\/acudim.org\/wp-content\/uploads\/2019\/05\/1448541432img1415204079.jpg","contentUrl":"https:\/\/acudim.org\/wp-content\/uploads\/2019\/05\/1448541432img1415204079.jpg"},{"@type":"BreadcrumbList","@id":"https:\/\/acudim.org\/es\/prestec\/#breadcrumb","itemListElement":[{"@type":"ListItem","position":1,"name":"Portada","item":"https:\/\/acudim.org\/es\/"},{"@type":"ListItem","position":2,"name":"Pr\u00e9stec"}]},{"@type":"WebSite","@id":"https:\/\/acudim.org\/es\/#website","url":"https:\/\/acudim.org\/es\/","name":"Acudim","description":"ASSOCIACI\u00d3 COL\u00b7LECTIU-UNI\u00d3 D\u2019INTEGRACI\u00d3 Al DISCAPACITAT","publisher":{"@id":"https:\/\/acudim.org\/es\/#organization"},"potentialAction":[{"@type":"SearchAction","target":{"@type":"EntryPoint","urlTemplate":"https:\/\/acudim.org\/es\/?s={search_term_string}"},"query-input":{"@type":"PropertyValueSpecification","valueRequired":true,"valueName":"search_term_string"}}],"inLanguage":"es"},{"@type":"Organization","@id":"https:\/\/acudim.org\/es\/#organization","name":"Acudim","url":"https:\/\/acudim.org\/es\/","logo":{"@type":"ImageObject","inLanguage":"es","@id":"https:\/\/acudim.org\/es\/#\/schema\/logo\/image\/","url":"https:\/\/acudim.org\/wp-content\/uploads\/2024\/05\/Logo-Nuevo-VLC.jpg","contentUrl":"https:\/\/acudim.org\/wp-content\/uploads\/2024\/05\/Logo-Nuevo-VLC.jpg","width":642,"height":240,"caption":"Acudim"},"image":{"@id":"https:\/\/acudim.org\/es\/#\/schema\/logo\/image\/"}}]}},"_links":{"self":[{"href":"https:\/\/acudim.org\/es\/wp-json\/wp\/v2\/pages\/137","targetHints":{"allow":["GET"]}}],"collection":[{"href":"https:\/\/acudim.org\/es\/wp-json\/wp\/v2\/pages"}],"about":[{"href":"https:\/\/acudim.org\/es\/wp-json\/wp\/v2\/types\/page"}],"author":[{"embeddable":true,"href":"https:\/\/acudim.org\/es\/wp-json\/wp\/v2\/users\/2"}],"replies":[{"embeddable":true,"href":"https:\/\/acudim.org\/es\/wp-json\/wp\/v2\/comments?post=137"}],"version-history":[{"count":3,"href":"https:\/\/acudim.org\/es\/wp-json\/wp\/v2\/pages\/137\/revisions"}],"predecessor-version":[{"id":3265,"href":"https:\/\/acudim.org\/es\/wp-json\/wp\/v2\/pages\/137\/revisions\/3265"}],"wp:attachment":[{"href":"https:\/\/acudim.org\/es\/wp-json\/wp\/v2\/media?parent=137"}],"curies":[{"name":"wp","href":"https:\/\/api.w.org\/{rel}","templated":true}]}}